{"id":2143,"date":"2011-04-12T14:49:27","date_gmt":"2011-04-12T17:49:27","guid":{"rendered":"http:\/\/radiofobia.com.br\/?page_id=2143"},"modified":"2011-04-12T14:49:27","modified_gmt":"2011-04-12T17:49:27","slug":"contato-2","status":"publish","type":"page","link":"https:\/\/radiofobia.com.br\/podcast\/contato-2\/","title":{"rendered":"CONTATO"},"content":{"rendered":"<p>Voc\u00ea pode entrar em contato com a gente de v\u00e1rias formas diferente-lhes:<\/p>\n<p><span style=\"color: #990000;\"><strong>1. Seguindo nossa equipe no TuV\u00edter<\/strong><\/span><br \/>\nEm\u00a0uma das colunas laterais do site\u00a0voc\u00ea vai encontar o <strong>perfil oficial do RADIOFOBIA no TuV\u00edter (<a href=\"http:\/\/twitter.com\/radiofobia\" target=\"_blank\">@radiofobia<\/a>)<\/strong>, al\u00e9m das contas individuais de cada um dos membros fixos desta baga\u00e7a.<\/p>\n<p><strong>Mas fique avisado: <span style=\"text-decoration: underline;\">siga-nos por sua conta e risco<\/span>, ok? =P<\/strong><\/p>\n<p><span style=\"color: #990000;\"><strong>2. Comentando alguma postagem ou p\u00e1gina do site<\/strong><\/span><br \/>\nVoc\u00ea pode<strong> deixar seu coment\u00e1rio em qualquer postagem ou p\u00e1gina interna do site<\/strong>, com a certeza de que seu coment\u00e1rio ser\u00e1 lido por n\u00f3s mesmos-Lhes! Nem sempre a gente consegue responder, mas tenha certeza de que estamos anotando tudo!<\/p>\n<p>Se quiser que <strong>seu nome seja lido na se\u00e7\u00e3o de <span style=\"text-decoration: underline;\">abrax<\/span> do podcast<\/strong>, n\u00e3o esque\u00e7a de deixar junto com o coment\u00e1rio\u00a0seu <strong>nome <\/strong>com sua <strong>idade <\/strong>e <strong>cidade<\/strong> onde mora,\u00a0e aguardemmm&#8230;<\/p>\n<p><span style=\"color: #990000;\"><strong>3. Mandando um e-mail<\/strong><\/span><br \/>\nAl\u00e9m dos <strong>e-mails pessoais de cada participante<\/strong> <em>(que voc\u00ea encontra na <a href=\"http:\/\/radiofobia.com.br\/equipe\/\" target=\"_blank\">p\u00e1gina sobre a EQUIPE<\/a>)<\/em>, temos <strong>v\u00e1rios outros e-mails<\/strong> pra onde voc\u00ea pode mandar sua mensagem, dependendo do objetivo:<\/p>\n<ul>\n<li><span style=\"color: #990000;\"><strong>Geral:<\/strong><\/span><br \/>\n<strong>Sugest\u00f5es idiotas, id\u00e9ias malucas, elogios ou xingamentos<\/strong> podem ser enviados para <a href=\"mailto:contato@radiofobia.com.br\" target=\"blank\">contato@radiofobia.com.br<\/a>!<\/li>\n<\/ul>\n<ul>\n<li><span style=\"color: #990000;\"><strong>Podcast:<\/strong><\/span><br \/>\nMande suas opini\u00f5es e coment\u00e1rios sobre os <strong>pogramas, <\/strong>ou mesmo <strong>pedidos de abrax e recadalhos<\/strong>\u00a0para <a href=\"mailto:podcast@radiofobia.com.br\" target=\"blank\">podcast@radiofobia.com.br<\/a>!<\/li>\n<\/ul>\n<ul>\n<li><span style=\"color: #990000;\"><strong>Colabora\u00e7\u00f5es:<\/strong><\/span><br \/>\nSe voc\u00ea canta, imita, desenha, compunheta ou imita a Gretchen, tome coragem e mande sua colabora\u00e7\u00e3o para <a href=\"mailto:colaborador@radiofobia.com.br\" target=\"_blank\">colaborador@radiofobia.com.br<\/a>!<\/li>\n<\/ul>\n<ul>\n<li><span style=\"color: #990000;\"><strong>Pedidos de Mel\u00f3dias:<\/strong><\/span><br \/>\nMande sua <strong>recomenda\u00e7\u00e3o musical <\/strong>para nossa <strong>Cortina de Mel\u00f3dias<\/strong> escrevendo para <a href=\"mailto:melodias@radiofobia.com.br\" target=\"blank\">melodias@radiofobia.com.br<\/a>!<\/li>\n<\/ul>\n<ul>\n<li><span style=\"color: #990000;\"><strong>Indica\u00e7\u00f5es para o Podcasteiro:<\/strong><\/span><br \/>\nMande seus <strong>coment\u00e1rios e indica\u00e7\u00f5es <\/strong>podcastais para <a href=\"mailto:podcasteiro@radiofobia.com.br\" target=\"_blank\">podcasteiro@radiofobia.com.br<\/a>.<\/li>\n<\/ul>\n<ul>\n<li><span style=\"color: #990000;\"><strong>Anunciantes:<\/strong><\/span><br \/>\nPara divulgar sua<strong> marca, produto ou servi\u00e7o <\/strong>em nosso site ou no podcast, escreva\u00a0para <a href=\"mailto:comercial@radiofobia.com.br\" target=\"_blank\">comercial@radiofobia.com.br<\/a>.<\/li>\n<\/ul>\n","protected":false},"excerpt":{"rendered":"<p>Voc\u00ea pode entrar em contato com a gente de v\u00e1rias formas diferente-lhes: 1. Seguindo nossa equipe no TuV\u00edter Em\u00a0uma das colunas laterais do site\u00a0voc\u00ea vai encontar o perfil oficial do RADIOFOBIA no TuV\u00edter (@radiofobia), al\u00e9m das contas individuais de cada um dos membros fixos desta baga\u00e7a. Mas fique avisado: siga-nos por sua conta e risco,&#8230;<\/p>\n","protected":false},"author":2,"featured_media":0,"parent":0,"menu_order":4,"comment_status":"open","ping_status":"closed","template":"","meta":{"footnotes":""},"class_list":["post-2143","page","type-page","status-publish","hentry"],"_links":{"self":[{"href":"https:\/\/radiofobia.com.br\/podcast\/wp-json\/wp\/v2\/pages\/2143","targetHints":{"allow":["GET"]}}],"collection":[{"href":"https:\/\/radiofobia.com.br\/podcast\/wp-json\/wp\/v2\/pages"}],"about":[{"href":"https:\/\/radiofobia.com.br\/podcast\/wp-json\/wp\/v2\/types\/page"}],"author":[{"embeddable":true,"href":"https:\/\/radiofobia.com.br\/podcast\/wp-json\/wp\/v2\/users\/2"}],"replies":[{"embeddable":true,"href":"https:\/\/radiofobia.com.br\/podcast\/wp-json\/wp\/v2\/comments?post=2143"}],"version-history":[{"count":0,"href":"https:\/\/radiofobia.com.br\/podcast\/wp-json\/wp\/v2\/pages\/2143\/revisions"}],"wp:attachment":[{"href":"https:\/\/radiofobia.com.br\/podcast\/wp-json\/wp\/v2\/media?parent=2143"}],"curies":[{"name":"wp","href":"https:\/\/api.w.org\/{rel}","templated":true}]}}