{"id":95,"date":"2010-05-03T23:15:36","date_gmt":"2010-05-04T02:15:36","guid":{"rendered":"http:\/\/radiofobia.com.br\/novosite\/?page_id=2"},"modified":"2023-09-20T16:24:30","modified_gmt":"2023-09-20T19:24:30","slug":"quemsomos","status":"publish","type":"page","link":"https:\/\/radiofobia.com.br\/podcast\/quemsomos\/","title":{"rendered":"QUEM SOMOS"},"content":{"rendered":"<p><span style=\"color: #800000;\"><strong>O QUE \u00c9?<\/strong><\/span><\/p>\n<p>O podcast <strong>R\u00c1DIOFOBIA<\/strong> foi criado como um programa de humor e produzido no formato de podcast, com a proposta de discutir temas variados e tamb\u00e9m entrevistar convidados ligados \u00e0 atividade humor\u00edstica, que atuam no r\u00e1dio, TV ou internet.<\/p>\n<p>O diferencial do programa \u00e9 a aplica\u00e7\u00e3o do formato radiof\u00f4nico no podcast. Quase todos os programas s\u00e3o gravado com transmiss\u00e3o AO VIVO, via <em>streaming<\/em>, e todos os elementos sonoros &#8211; efeitos, trilhas e vinhetas &#8211; s\u00e3o reproduzidos em tempo real, exatamente como em um programa de r\u00e1dio.<\/p>\n<p><strong><span style=\"color: #800000;\">COMO NASCEU?<\/span><\/strong><\/p>\n<div id=\"attachment_28502\" style=\"width: 310px\" class=\"wp-caption alignright\"><img fetchpriority=\"high\" decoding=\"async\" aria-describedby=\"caption-attachment-28502\" class=\"size-medium wp-image-28502\" src=\"https:\/\/radiofobia.com.br\/podcast\/wp-content\/uploads\/2023\/09\/SAM_0462-300x225.jpg\" alt=\"\" width=\"300\" height=\"225\" srcset=\"https:\/\/radiofobia.com.br\/podcast\/wp-content\/uploads\/2023\/09\/SAM_0462-300x225.jpg 300w, https:\/\/radiofobia.com.br\/podcast\/wp-content\/uploads\/2023\/09\/SAM_0462-150x113.jpg 150w, https:\/\/radiofobia.com.br\/podcast\/wp-content\/uploads\/2023\/09\/SAM_0462-768x576.jpg 768w, https:\/\/radiofobia.com.br\/podcast\/wp-content\/uploads\/2023\/09\/SAM_0462-350x263.jpg 350w, https:\/\/radiofobia.com.br\/podcast\/wp-content\/uploads\/2023\/09\/SAM_0462-400x300.jpg 400w, https:\/\/radiofobia.com.br\/podcast\/wp-content\/uploads\/2023\/09\/SAM_0462.jpg 800w\" sizes=\"(max-width: 300px) 100vw, 300px\" \/><p id=\"caption-attachment-28502\" class=\"wp-caption-text\">Leo Lopes e Quessa (arquivo pessoal)<\/p><\/div>\n<p><strong>Leo Lopes<\/strong> e <strong>Quessa<\/strong> s\u00e3o amigos desde sempre, e quando crian\u00e7as nos anos 80 gostavam de brincar de r\u00e1dio, gravando programas e fazendo vozes.<\/p>\n<p>Divertiam-se ouvindo <strong>Djalma Jorge Show<\/strong>, <strong>Serginho Leite<\/strong>, <strong>Oscar Pardini<\/strong>, <strong>Z\u00e9 Am\u00e9rico<\/strong>, <strong>Tat\u00e1 e Escova<\/strong> no Perdidos na Noite, <strong>Chico Anysio<\/strong>, <strong>J\u00f4 Soares<\/strong> e outros, no r\u00e1dio e na TV.<\/p>\n<p>Depois de se tornar radialista e guardar por alguns anos o projeto do <strong>R\u00c1DIOFOBIA<\/strong>, originalmente planejado para o r\u00e1dio, em fevereiro de 2009 <strong>Leo<\/strong> convidou seu amigo <strong>Quessa<\/strong> para gravarem o primeiro programa no formato de podcast, e assim resgatarem um pouco sua brincadeira de inf\u00e2ncia. Gostaram tanto do resultado que n\u00e3o pararam mais!<\/p>\n<p>O primeiro epis\u00f3dio do <strong>R\u00c1DIOFOBIA <\/strong>foi publicado em 01 de mar\u00e7o de 2009, e desde ent\u00e3o o podcast j\u00e1 teve mais de 20 integrantes e centenas de convidados que quinzenalmente compartilham suas hist\u00f3rias com nossos ouvintes!<\/p>\n<p><span style=\"color: #800000;\"><strong>R\u00c1DIOFOBIA PODCAST NETWORK<\/strong><\/span><\/p>\n<p>Em maio de 2013 <strong>Leo Lopes<\/strong> come\u00e7ou a produzir o <strong>R\u00c1DIOFOBIA CLASSICS<\/strong>, um podcast sobre a hist\u00f3ria de grandes nomes da m\u00fasica nacional e internacional. Em novembro foi a vez do <strong>&#8220;Al\u00f4, T\u00e9nica!&#8221;<\/strong>, um podcast sobre produ\u00e7\u00e3o de podcasts que j\u00e1 auxiliou milhares de pessoas a criarem e melhorarem seus pr\u00f3prios programas e que continua at\u00e9 hoje como <strong>&#8220;Curso de Podcast&#8221;<\/strong>.<\/p>\n<p>Esse foi o in\u00edcio da <strong>R\u00c1DIOFOBIA PODCAST NETWORK<\/strong>, uma rede de podcasts que, al\u00e9m do conte\u00fado pr\u00f3prio, agrega podcasts produzidos por parceiros e que conversam com a proposta original do <strong>R\u00c1DIOFOBIA<\/strong> de levar informa\u00e7\u00e3o, humor, cultura e entretenimento aos ouvintes do mundo todo!<\/p>\n","protected":false},"excerpt":{"rendered":"<p>O QUE \u00c9? O podcast R\u00c1DIOFOBIA foi criado como um programa de humor e produzido no formato de podcast, com a proposta de discutir temas variados e tamb\u00e9m entrevistar convidados ligados \u00e0 atividade humor\u00edstica, que atuam no r\u00e1dio, TV ou internet. O diferencial do programa \u00e9 a aplica\u00e7\u00e3o do formato radiof\u00f4nico no podcast. Quase todos&#8230;<\/p>\n","protected":false},"author":2,"featured_media":0,"parent":0,"menu_order":1,"comment_status":"open","ping_status":"closed","template":"","meta":{"footnotes":""},"class_list":["post-95","page","type-page","status-publish","hentry"],"_links":{"self":[{"href":"https:\/\/radiofobia.com.br\/podcast\/wp-json\/wp\/v2\/pages\/95","targetHints":{"allow":["GET"]}}],"collection":[{"href":"https:\/\/radiofobia.com.br\/podcast\/wp-json\/wp\/v2\/pages"}],"about":[{"href":"https:\/\/radiofobia.com.br\/podcast\/wp-json\/wp\/v2\/types\/page"}],"author":[{"embeddable":true,"href":"https:\/\/radiofobia.com.br\/podcast\/wp-json\/wp\/v2\/users\/2"}],"replies":[{"embeddable":true,"href":"https:\/\/radiofobia.com.br\/podcast\/wp-json\/wp\/v2\/comments?post=95"}],"version-history":[{"count":8,"href":"https:\/\/radiofobia.com.br\/podcast\/wp-json\/wp\/v2\/pages\/95\/revisions"}],"predecessor-version":[{"id":28509,"href":"https:\/\/radiofobia.com.br\/podcast\/wp-json\/wp\/v2\/pages\/95\/revisions\/28509"}],"wp:attachment":[{"href":"https:\/\/radiofobia.com.br\/podcast\/wp-json\/wp\/v2\/media?parent=95"}],"curies":[{"name":"wp","href":"https:\/\/api.w.org\/{rel}","templated":true}]}}